{"id":48,"date":"2025-09-24T20:14:13","date_gmt":"2025-09-24T20:14:13","guid":{"rendered":"https:\/\/inemabe.edu.co\/sitio\/?page_id=48"},"modified":"2025-09-24T20:19:35","modified_gmt":"2025-09-24T20:19:35","slug":"resena-historica","status":"publish","type":"page","link":"https:\/\/inemabe.edu.co\/sitio\/index.php\/resena-historica\/","title":{"rendered":"Rese\u00f1a Hist\u00f3rica"},"content":{"rendered":"\n<p>En los a\u00f1os 60\u00b4s es cuando comienza la historia de la educaci\u00f3n p\u00fablica en el municipio de Valencia y es en la administraci\u00f3n del alcalde Benjam\u00edn Sierra Del Castillo, que se construyen las infraestructuras educativas m\u00e1s importantes del municipio, como fue la Escuela Urbana de Ni\u00f1as o Colegio de las Monjas, hoy Instituci\u00f3n Educativa Nuestra Se\u00f1ora del Rosario (que fue fundada en el a\u00f1o 1963) y el Colegio P\u00fablico Escuela Urbana de Varones \u201cSan Jos\u00e9\u201d, cuyos colegios o planteles estaban ubicados \u00e9stos en la Calle 13 # 19-39 en el barrio La Cruz, siendo una de las escuelas m\u00e1s antigua de esta poblaci\u00f3n, la cual cont\u00f3 desde un principio con dos locaciones educativas, una sede principal ubicada en la parte de arriba en un solar que regal\u00f3 al municipio el se\u00f1or Leovigildo Antonio Caro Hern\u00e1ndez, donde hoy funciona, un establecimiento de ICBF llamado Centro de Desarrollo Infantil &#8220;Estrellitas Del Sin\u00fa&#8221; y la otra locaci\u00f3n o segundo bloque que estaba ubicado en la calle 13 # 15-40, donde hoy funciona la casa de la cultura, que fuera regalado por don Juan Pacheco Gonz\u00e1lez. Esta Instituci\u00f3n Educativa fue fundada el d\u00eda 4 de febrero del a\u00f1o 1963, como \u201cEscuela Urbana de Varones San Jos\u00e9\u201d.<\/p>\n\n\n\n<p>A partir del a\u00f1o 1981 este centro educativo pasa a se convierte en una Instituci\u00f3n Mixta, recibiendo ni\u00f1os y ni\u00f1as en b\u00e1sica primaria, adem\u00e1s se le da el nombre de: Centro Docente Mixto Manuela Beltr\u00e1n.<\/p>\n\n\n\n<p>En el a\u00f1o 2002 el Centro docente mixto Manuela Beltr\u00e1n y el centro docente acci\u00f3n social se integraron a la Instituci\u00f3n educativa Nuestra Se\u00f1ora del Rosario, la cual era a la vez su sede principal.<\/p>\n\n\n\n<p>En el a\u00f1o 2006, en la administraci\u00f3n del alcalde Negus Correa Pe\u00f1a, se construye la nueva y moderna sede de la Instituci\u00f3n, ubicada en el barrio Alfonso L\u00f3pez, a la cual se traslada el 18 de mayo de ese mismo a\u00f1o, siendo esta su sede actual. Tambi\u00e9n ocurre el proceso de separaci\u00f3n de NUSERO, convirti\u00e9ndose Manuela Beltr\u00e1n en instituci\u00f3n educativa principal, y se anexa el centro educativo las Piedras, con sus respectivas sedes (el Pil\u00f3n, Incora y el bongo. En el a\u00f1o 2007 se da apertura a grado Sexto de b\u00e1sica secundaria, y continuaron abri\u00e9ndose los nuevos grados de manera progresiva en los a\u00f1os siguientes, hasta la primera promoci\u00f3n que tuvo lugar en el a\u00f1o 2012.<\/p>\n\n\n\n<p><strong>Sede Las Piedras<\/strong>: Esta sede comenz\u00f3 a funcionar en el a\u00f1o 1959 con la profesora Consuelo Correa de Posada oriunda del Carmen de Biboral Antioquia. La mitad del terreno donde funciona la escuela fue donado por el se\u00f1or Salvador D\u00edaz y el resto comprado por los padres de familia al se\u00f1or Antonio D\u00edaz.<\/p>\n\n\n\n<p><strong>Sede Incora:<\/strong>&nbsp; Comenz\u00f3 sus primeras clases en el a\u00f1o 1975 dictadas por la profesora Genoveva Morales de car\u00e1cter privado y debido a las malas condiciones del local donde funcionaba fue trasladada a la casa de Rafael Mario L\u00f3pez padre de familia de ese entonces. Mas tarde por el aumento del alumnado y por iniciativa del presb\u00edtero Manuel Benjumea Duque quien logra unir m\u00e1s a la comunidad se consigue el lote propio entre los l\u00edmites de los dos grupos de parcelas donado por el INCORA lugar donde funciona actualmente.<\/p>\n\n\n\n<p><strong>Sede El Pil\u00f3n:<\/strong> Esta Sede inicio sus labores acad\u00e9micas en el a\u00f1o 1967 con 24 alumnos siendo su primer profesor Valentina Mart\u00ednez el terreno donde comenz\u00f3 a funcionar fue conseguido por los se\u00f1ores Te\u00f3filo Garc\u00e9s, Ulises \u00c1vila, Rosario Medrano, Jos\u00e9 Garc\u00e9s, los cuales m\u00e1s tarde por la iniciativa de los profesores en seguir organizando la escuela conforman la primera junta de padres de familia.<\/p>\n","protected":false},"excerpt":{"rendered":"<p>En los a\u00f1os 60\u00b4s es cuando comienza la historia de [&hellip;]<\/p>\n","protected":false},"author":1,"featured_media":0,"parent":0,"menu_order":0,"comment_status":"closed","ping_status":"closed","template":"","meta":[],"_links":{"self":[{"href":"https:\/\/inemabe.edu.co\/sitio\/index.php\/wp-json\/wp\/v2\/pages\/48"}],"collection":[{"href":"https:\/\/inemabe.edu.co\/sitio\/index.php\/wp-json\/wp\/v2\/pages"}],"about":[{"href":"https:\/\/inemabe.edu.co\/sitio\/index.php\/wp-json\/wp\/v2\/types\/page"}],"author":[{"embeddable":true,"href":"https:\/\/inemabe.edu.co\/sitio\/index.php\/wp-json\/wp\/v2\/users\/1"}],"replies":[{"embeddable":true,"href":"https:\/\/inemabe.edu.co\/sitio\/index.php\/wp-json\/wp\/v2\/comments?post=48"}],"version-history":[{"count":2,"href":"https:\/\/inemabe.edu.co\/sitio\/index.php\/wp-json\/wp\/v2\/pages\/48\/revisions"}],"predecessor-version":[{"id":53,"href":"https:\/\/inemabe.edu.co\/sitio\/index.php\/wp-json\/wp\/v2\/pages\/48\/revisions\/53"}],"wp:attachment":[{"href":"https:\/\/inemabe.edu.co\/sitio\/index.php\/wp-json\/wp\/v2\/media?parent=48"}],"curies":[{"name":"wp","href":"https:\/\/api.w.org\/{rel}","templated":true}]}}