{"id":44,"date":"2025-09-24T20:13:07","date_gmt":"2025-09-24T20:13:07","guid":{"rendered":"https:\/\/inemabe.edu.co\/sitio\/?page_id=44"},"modified":"2025-09-24T20:40:09","modified_gmt":"2025-09-24T20:40:09","slug":"simbolos","status":"publish","type":"page","link":"https:\/\/inemabe.edu.co\/sitio\/index.php\/simbolos\/","title":{"rendered":"S\u00edmbolos&#8230;"},"content":{"rendered":"\n<p><strong>El Escudo <\/strong><\/p>\n\n\n\n<figure class=\"wp-block-image size-full is-resized\"><img decoding=\"async\" loading=\"lazy\" src=\"https:\/\/inemabe.edu.co\/sitio\/wp-content\/uploads\/2025\/09\/cropped-ESCUDO-INEMABE.fw_.png\" alt=\"\" class=\"wp-image-11\" width=\"253\" height=\"271\" srcset=\"https:\/\/inemabe.edu.co\/sitio\/wp-content\/uploads\/2025\/09\/cropped-ESCUDO-INEMABE.fw_.png 755w, https:\/\/inemabe.edu.co\/sitio\/wp-content\/uploads\/2025\/09\/cropped-ESCUDO-INEMABE.fw_-281x300.png 281w\" sizes=\"(max-width: 253px) 100vw, 253px\" \/><\/figure>\n\n\n\n<p>El escudo de la Instituci\u00f3n Educativa Manuela Beltr\u00e1n \u00e9sta representado por un&nbsp; bordeado de color azul en el que aparece el lema de la instituci\u00f3n&nbsp; educativa; tiene 4 divisiones internas con diferentes ilustraciones. Y en donde cada una de ellas tiene su significado as\u00ed:<\/p>\n\n\n\n<p>En la parte superior&nbsp; izquierda est\u00e1 una ilustraci\u00f3n que representa la riqueza de los recursos Naturales, el respeto, cuidado y preservaci\u00f3n&nbsp; del ambiente que es unos de nuestros pilares.<\/p>\n\n\n\n<p>En la parte superior derecha est\u00e1 la ilustraci\u00f3n de Manuela Beltr\u00e1n, Hero\u00edna del pueblo, en memoria a ella \u00e9sta Instituci\u00f3n Educativa recibe su nombre.<\/p>\n\n\n\n<p>En la parte inferior izquierda est\u00e1 un computador que simboliza las tecnolog\u00edas de la informaci\u00f3n, \u00c9nfasis de Nuestra Instituci\u00f3n Educativa.&nbsp;&nbsp;&nbsp;&nbsp;<\/p>\n\n\n\n<p>En la parte inferior derecha se encuentra un sombrero Vueltiao que representa la cultura del hombre Sinuano.\u00a0<\/p>\n\n\n\n<p><strong>La Bandera<\/strong> <\/p>\n\n\n\n<figure class=\"wp-block-image size-full\"><img decoding=\"async\" loading=\"lazy\" width=\"274\" height=\"158\" src=\"https:\/\/inemabe.edu.co\/sitio\/wp-content\/uploads\/2025\/09\/BANDERA-INEMABE.fw_.png\" alt=\"\" class=\"wp-image-61\"\/><\/figure>\n\n\n\n<p>La bandera de la instituci\u00f3n&nbsp; educativa est\u00e1 formada por 5 franjas horizontales de color verde, azul y blanco. La primera y \u00faltima franja son de color verde; la segunda y cuarta son de color azul y en la parte central se encuentra el color blanco con un sombrero vueltiao.<\/p>\n\n\n\n<p>Los colores tienen el siguiente significado:<\/p>\n\n\n\n<p><strong>El Verde<\/strong>: significa el esplendor de la vegetaci\u00f3n que predomina en Nuestro Municipio<\/p>\n\n\n\n<p><strong>El Azul:<\/strong> significa el azul de los cielos y las fuentes de agua que posee Nuestro Municipio.&nbsp;<\/p>\n\n\n\n<p><strong>El Blanco:<\/strong> significa la paz que cada d\u00eda anhelamos en el pa\u00eds. Adem\u00e1s representa la pureza, armon\u00eda y transparencia que debe caracterizar nuestros actos como miembro de esta Instituci\u00f3n educativa.<\/p>\n\n\n\n<p><strong>El sombrero Vueltiao:<\/strong> Representa nuestra identidad cultural.<\/p>\n","protected":false},"excerpt":{"rendered":"<p>El Escudo El escudo de la Instituci\u00f3n Educativa Manuela Beltr\u00e1n [&hellip;]<\/p>\n","protected":false},"author":1,"featured_media":0,"parent":0,"menu_order":0,"comment_status":"closed","ping_status":"closed","template":"","meta":[],"_links":{"self":[{"href":"https:\/\/inemabe.edu.co\/sitio\/index.php\/wp-json\/wp\/v2\/pages\/44"}],"collection":[{"href":"https:\/\/inemabe.edu.co\/sitio\/index.php\/wp-json\/wp\/v2\/pages"}],"about":[{"href":"https:\/\/inemabe.edu.co\/sitio\/index.php\/wp-json\/wp\/v2\/types\/page"}],"author":[{"embeddable":true,"href":"https:\/\/inemabe.edu.co\/sitio\/index.php\/wp-json\/wp\/v2\/users\/1"}],"replies":[{"embeddable":true,"href":"https:\/\/inemabe.edu.co\/sitio\/index.php\/wp-json\/wp\/v2\/comments?post=44"}],"version-history":[{"count":4,"href":"https:\/\/inemabe.edu.co\/sitio\/index.php\/wp-json\/wp\/v2\/pages\/44\/revisions"}],"predecessor-version":[{"id":62,"href":"https:\/\/inemabe.edu.co\/sitio\/index.php\/wp-json\/wp\/v2\/pages\/44\/revisions\/62"}],"wp:attachment":[{"href":"https:\/\/inemabe.edu.co\/sitio\/index.php\/wp-json\/wp\/v2\/media?parent=44"}],"curies":[{"name":"wp","href":"https:\/\/api.w.org\/{rel}","templated":true}]}}