{"id":42,"date":"2025-09-24T20:11:36","date_gmt":"2025-09-24T20:11:36","guid":{"rendered":"https:\/\/inemabe.edu.co\/sitio\/?page_id=42"},"modified":"2025-09-24T20:24:01","modified_gmt":"2025-09-24T20:24:01","slug":"mision-vision-filosofia-principios","status":"publish","type":"page","link":"https:\/\/inemabe.edu.co\/sitio\/index.php\/mision-vision-filosofia-principios\/","title":{"rendered":"Misi\u00f3n, Visi\u00f3n, Filosof\u00eda, Principios"},"content":{"rendered":"\n<p><strong>Misi\u00f3n:<\/strong> En la Instituci\u00f3n Educativa Manuela Beltr\u00e1n estamos trabajando en la formaci\u00f3n integral e inclusiva de nuestros estudiantes, dando a conocer y promoviendo los derechos humanos, mediante la pr\u00e1ctica cotidiana de normas de cortes\u00eda, la tolerancia, el respeto y la responsabilidad en las actividades pedag\u00f3gicas, cognitivas, socio-afectivas, espirituales y ambientales, desarrolladas en el plantel, adem\u00e1s de enfrentarnos al mundo moderno a trav\u00e9s del uso de las TIC\u00b4S a fin de que nuestros estudiantes sean competentes para interactuar en la sociedad.<\/p>\n\n\n\n<p><\/p>\n\n\n\n<p><strong>Visi\u00f3n:<\/strong> En el a\u00f1o 2030 la Instituci\u00f3n Educativa Manuela Beltr\u00e1n ser\u00e1 reconocida en el Municipio de Valencia C\u00f3rdoba como una instituci\u00f3n oficial con credibilidad acad\u00e9mica y social con fundamentos b\u00e1sicos en Educaci\u00f3n pedag\u00f3gica, democr\u00e1tica, cognitiva, socio-afectiva, espiritual, ambiental e inform\u00e1tica, siendo garante de derechos y valores humanos a ni\u00f1os, ni\u00f1as y adolescentes, para que act\u00faen como agentes transformadores capaces interactuar en el \u00e1mbito local, regional y nacional.<\/p>\n\n\n\n<p><\/p>\n\n\n\n<p><strong>Filosof\u00eda:<\/strong> El ser humano est\u00e1 formado para realizarse como persona, teniendo en cuenta principios, criterios y valores que lo conlleven a desenvolverse en la sociedad, la Instituci\u00f3n Educativa Manuela Beltr\u00e1n propende por una formaci\u00f3n integral, competente para la convivencia pac\u00edfica, intelectual, \u00e9tica y moral.<\/p>\n\n\n\n<p><\/p>\n\n\n\n<p><strong>Principios Institucionales:<\/strong> son los valores que buscamos resaltar en los miembros de la comunidad manuelista: RESPETO, AMOR, REPONSABILIDAD, SOLIDARIDAD, TOLERANCIA, TRABAJO EN EQUIPO<\/p>\n","protected":false},"excerpt":{"rendered":"<p>Misi\u00f3n: En la Instituci\u00f3n Educativa Manuela Beltr\u00e1n estamos trabajando en [&hellip;]<\/p>\n","protected":false},"author":1,"featured_media":0,"parent":0,"menu_order":0,"comment_status":"closed","ping_status":"closed","template":"","meta":[],"_links":{"self":[{"href":"https:\/\/inemabe.edu.co\/sitio\/index.php\/wp-json\/wp\/v2\/pages\/42"}],"collection":[{"href":"https:\/\/inemabe.edu.co\/sitio\/index.php\/wp-json\/wp\/v2\/pages"}],"about":[{"href":"https:\/\/inemabe.edu.co\/sitio\/index.php\/wp-json\/wp\/v2\/types\/page"}],"author":[{"embeddable":true,"href":"https:\/\/inemabe.edu.co\/sitio\/index.php\/wp-json\/wp\/v2\/users\/1"}],"replies":[{"embeddable":true,"href":"https:\/\/inemabe.edu.co\/sitio\/index.php\/wp-json\/wp\/v2\/comments?post=42"}],"version-history":[{"count":4,"href":"https:\/\/inemabe.edu.co\/sitio\/index.php\/wp-json\/wp\/v2\/pages\/42\/revisions"}],"predecessor-version":[{"id":76,"href":"https:\/\/inemabe.edu.co\/sitio\/index.php\/wp-json\/wp\/v2\/pages\/42\/revisions\/76"}],"wp:attachment":[{"href":"https:\/\/inemabe.edu.co\/sitio\/index.php\/wp-json\/wp\/v2\/media?parent=42"}],"curies":[{"name":"wp","href":"https:\/\/api.w.org\/{rel}","templated":true}]}}