{"id":27,"date":"2025-09-23T14:03:41","date_gmt":"2025-09-23T14:03:41","guid":{"rendered":"https:\/\/inemabe.edu.co\/sitio\/?page_id=27"},"modified":"2025-09-24T19:58:26","modified_gmt":"2025-09-24T19:58:26","slug":"himno-manuelista","status":"publish","type":"page","link":"https:\/\/inemabe.edu.co\/sitio\/index.php\/himno-manuelista\/","title":{"rendered":"Himno Manuelista"},"content":{"rendered":"\n<p class=\"has-text-align-center\"><strong>HIMNO INSTITUCI\u00d3N EDUCATIVA MANUELA BELTR\u00c1N<br>AUTOR Y COMPOSITOR: HERN\u00c1N RESTREPO DE LA ROSA<\/strong><\/p>\n\n\n\n<p class=\"has-text-align-center\"><br><strong>I<\/strong><br>Como urbana de varones fuiste fundada en los sesentas<br>Ahora en nuestros corazones Manuela Beltr\u00e1n de Valencia<br>Seguimos creciendo, forjamos un futuro<br>Con educadores muy comprometidos<br>Que ense\u00f1an valores y educan con amor<br>A hombres y mujeres para un mundo mejor<\/p>\n\n\n\n<p class=\"has-text-align-center\"><br><strong>CORO<\/strong><br>Mi colegio tu nombre llevar\u00e1, porque t\u00fa nos diste libertad<br>Con estudios romperemos cadenas, estudiantes Manuela Beltr\u00e1n<br>Mi colegio tu nombre llevar\u00e1, hombres nuevos forjadores de paz<br>Con orgullo la bandera izaremos, estudiantes Manuela Beltr\u00e1n<\/p>\n\n\n\n<p class=\"has-text-align-center\"><br><strong>II<\/strong><br>Con orgullo izaremos nuestra bandera con amor<br>Y tu escudo llevaremos por siempre en nuestro coraz\u00f3n<br>Los s\u00edmbolos sagrados de nuestra instituci\u00f3n<br>Siempre ser\u00e1n primero Manuelistas con tes\u00f3n<br>Tu lema honraremos con orgullo y con fervor<br>Vamos Manuelistas por un mundo mejor<\/p>\n\n\n\n<p class=\"has-text-align-center\"><br><strong>CORO<\/strong><br>Mi colegio tu nombre llevar\u00e1, porque t\u00fa nos diste libertad<br>Con estudios romperemos cadenas, estudiantes Manuela Beltr\u00e1n<br>Mi colegio tu nombre llevar\u00e1, hombres nuevos forjadores de paz<br>Con orgullo la bandera izaremos, estudiantes Manuela Beltr\u00e1n<\/p>\n\n\n\n<p class=\"has-text-align-center\"><br><strong>III<\/strong><br>Estudiantes Manuelistas mixta es nuestra instituci\u00f3n<br>Todos unidos con esfuerzo, sedes que luchan con amor<br>Urbanos y rurales un solo coraz\u00f3n<br>Todos procurando cada d\u00eda ser mejor<br>Compa\u00f1eros incansables con esmero y amor<br>En las mentes y en los libros se haya el cambio redentor<\/p>\n\n\n\n<p class=\"has-text-align-center\"><br><strong>CORO<\/strong><br>Mi colegio tu nombre llevar\u00e1, porque t\u00fa nos diste libertad<br>Con estudios romperemos cadenas, estudiantes Manuela Beltr\u00e1n<br>Mi colegio tu nombre llevar\u00e1, hombres nuevos forjadores de paz<br>Con orgullo la bandera izaremos, estudiantes Manuela Beltr\u00e1n<\/p>\n\n\n\n<p>Escucha el himno Manuelista&#8230;<\/p>\n\n\n\n<figure class=\"wp-block-audio\"><audio controls src=\"https:\/\/inemabe.edu.co\/sitio\/wp-content\/uploads\/2025\/09\/Himno-Manuela-Beltran-HD.mp3\"><\/audio><\/figure>\n","protected":false},"excerpt":{"rendered":"<p>HIMNO INSTITUCI\u00d3N EDUCATIVA MANUELA BELTR\u00c1NAUTOR Y COMPOSITOR: HERN\u00c1N RESTREPO DE [&hellip;]<\/p>\n","protected":false},"author":1,"featured_media":0,"parent":0,"menu_order":0,"comment_status":"closed","ping_status":"closed","template":"","meta":[],"_links":{"self":[{"href":"https:\/\/inemabe.edu.co\/sitio\/index.php\/wp-json\/wp\/v2\/pages\/27"}],"collection":[{"href":"https:\/\/inemabe.edu.co\/sitio\/index.php\/wp-json\/wp\/v2\/pages"}],"about":[{"href":"https:\/\/inemabe.edu.co\/sitio\/index.php\/wp-json\/wp\/v2\/types\/page"}],"author":[{"embeddable":true,"href":"https:\/\/inemabe.edu.co\/sitio\/index.php\/wp-json\/wp\/v2\/users\/1"}],"replies":[{"embeddable":true,"href":"https:\/\/inemabe.edu.co\/sitio\/index.php\/wp-json\/wp\/v2\/comments?post=27"}],"version-history":[{"count":3,"href":"https:\/\/inemabe.edu.co\/sitio\/index.php\/wp-json\/wp\/v2\/pages\/27\/revisions"}],"predecessor-version":[{"id":36,"href":"https:\/\/inemabe.edu.co\/sitio\/index.php\/wp-json\/wp\/v2\/pages\/27\/revisions\/36"}],"wp:attachment":[{"href":"https:\/\/inemabe.edu.co\/sitio\/index.php\/wp-json\/wp\/v2\/media?parent=27"}],"curies":[{"name":"wp","href":"https:\/\/api.w.org\/{rel}","templated":true}]}}